{"id":62,"date":"2023-02-21T01:27:29","date_gmt":"2023-02-21T01:27:29","guid":{"rendered":"https:\/\/fastwpdemo.com\/newwp\/grandeur\/?page_id=62"},"modified":"2025-01-20T14:00:57","modified_gmt":"2025-01-20T13:00:57","slug":"contact","status":"publish","type":"page","link":"http:\/\/hotelportius.pl\/index.php\/contact\/","title":{"rendered":"Kontakt i dojazd"},"content":{"rendered":"\t\t<div data-elementor-type=\"wp-page\" data-elementor-id=\"62\" class=\"elementor elementor-62\">\n\t\t\t\t\t\t<section class=\"elementor-section elementor-top-section elementor-element elementor-element-359613b elementor-section-full_width elementor-section-height-default elementor-section-height-default\" data-id=\"359613b\" data-element_type=\"section\">\n\t\t\t\t\t\t<div class=\"elementor-container elementor-column-gap-default\">\n\t\t\t\t\t<div class=\"elementor-column elementor-col-100 elementor-top-column elementor-element elementor-element-0ffa279\" data-id=\"0ffa279\" data-element_type=\"column\">\n\t\t\t<div class=\"elementor-widget-wrap elementor-element-populated\">\n\t\t\t\t\t\t<div class=\"elementor-element elementor-element-77871b1 elementor-widget elementor-widget-grandeur_contact_info\" data-id=\"77871b1\" data-element_type=\"widget\" data-settings=\"{&quot;grandeur_layout_margin&quot;:{&quot;unit&quot;:&quot;px&quot;,&quot;top&quot;:&quot;&quot;,&quot;right&quot;:&quot;&quot;,&quot;bottom&quot;:&quot;&quot;,&quot;left&quot;:&quot;&quot;,&quot;isLinked&quot;:true},&quot;grandeur_layout_margin_tablet&quot;:{&quot;unit&quot;:&quot;px&quot;,&quot;top&quot;:&quot;&quot;,&quot;right&quot;:&quot;&quot;,&quot;bottom&quot;:&quot;&quot;,&quot;left&quot;:&quot;&quot;,&quot;isLinked&quot;:true},&quot;grandeur_layout_margin_mobile&quot;:{&quot;unit&quot;:&quot;px&quot;,&quot;top&quot;:&quot;&quot;,&quot;right&quot;:&quot;&quot;,&quot;bottom&quot;:&quot;&quot;,&quot;left&quot;:&quot;&quot;,&quot;isLinked&quot;:true},&quot;grandeur_layout_padding&quot;:{&quot;unit&quot;:&quot;px&quot;,&quot;top&quot;:&quot;&quot;,&quot;right&quot;:&quot;&quot;,&quot;bottom&quot;:&quot;&quot;,&quot;left&quot;:&quot;&quot;,&quot;isLinked&quot;:true},&quot;grandeur_layout_padding_tablet&quot;:{&quot;unit&quot;:&quot;px&quot;,&quot;top&quot;:&quot;&quot;,&quot;right&quot;:&quot;&quot;,&quot;bottom&quot;:&quot;&quot;,&quot;left&quot;:&quot;&quot;,&quot;isLinked&quot;:true},&quot;grandeur_layout_padding_mobile&quot;:{&quot;unit&quot;:&quot;px&quot;,&quot;top&quot;:&quot;&quot;,&quot;right&quot;:&quot;&quot;,&quot;bottom&quot;:&quot;&quot;,&quot;left&quot;:&quot;&quot;,&quot;isLinked&quot;:true}}\" data-widget_type=\"grandeur_contact_info.default\">\n\t\t\t\t<div class=\"elementor-widget-container\">\n\t\t\t\t\t    \n    <!-- contact-info-section -->\n    <section class=\"contact-info-section centred\">\n                <div class=\"pattern-layer\">\n            <div class=\"pattern-1\" style=\"background-image: url(http:\/\/hotelportius.pl\/wp-content\/uploads\/2023\/02\/shape-9.png);\"><\/div>\n            <div class=\"pattern-2\" style=\"background-image: url(http:\/\/hotelportius.pl\/wp-content\/uploads\/2023\/02\/shape-10.png);\"><\/div>\n        <\/div>\n                <div class=\"auto-container\">\n                        <div class=\"sec-title\">\n                <span class=\"sub-title\">Adres:<\/span>                <h2>ul, Bursaki 29a, 38-400 Krosno <br>\nPOLSKA<\/h2>                <a href=\"https:\/\/maps.app.goo.gl\/KHsBETCYePHpyyWj8\" target=\"_blank\" class=\"theme-btn btn-one\">Znajd\u017a nas na mapie<\/a>            <\/div>\n                        <div class=\"inner-container\">\n                <div class=\"row clearfix\">\n                                        <div class=\"col-lg-6 col-md-6 col-sm-12 single-column\">\n                        <div class=\"single-info-box\">\n                            <div class=\"inner-box\">\n                                <div class=\"icon-box\"><i class=\"flaticon-call\"><\/i><\/div>\n                                <h3>Zadzwo\u0144<\/h3>\n                                <p>W razie jakichkolwiek pyta\u0144 jeste\u015bmy do Pa\u0144stwa dyspozycji:<\/p>\n                                                                <a href=\"tel:13 474 80 80\">13 474 80 80<\/a>                               \n                                                            <\/div>\n                        <\/div>\n                    <\/div>\n                                        <div class=\"col-lg-6 col-md-6 col-sm-12 single-column\">\n                        <div class=\"single-info-box\">\n                            <div class=\"inner-box\">\n                                <div class=\"icon-box\"><i class=\"flaticon-mail\"><\/i><\/div>\n                                <h3>Wy\u015blij email<\/h3>\n                                <p>Je\u015bli wolicie Pa\u0144stwo kontak mailowy, zapraszamy do kontaktu:<\/p>\n                                                                <a href=\"mailto:recepcja@hotelportius.pl\">recepcja@hotelportius.pl<\/a>\n                                                            <\/div>\n                        <\/div>\n                    <\/div>\n                                    <\/div>\n            <\/div>\n        <\/div>\n    <\/section>\n    <!-- contact-info-section end -->       \n             \n        \t\t\t\t<\/div>\n\t\t\t\t<\/div>\n\t\t\t\t\t<\/div>\n\t\t<\/div>\n\t\t\t\t\t<\/div>\n\t\t<\/section>\n\t\t\t\t<\/div>\n\t\t","protected":false},"excerpt":{"rendered":"<p>Adres: ul, Bursaki 29a, 38-400 Krosno POLSKA Znajd\u017a nas na mapie Zadzwo\u0144 W razie jakichkolwiek pyta\u0144 jeste\u015bmy do Pa\u0144stwa dyspozycji: 13 474 80 80 Wy\u015blij email Je\u015bli wolicie Pa\u0144stwo kontak mailowy, zapraszamy do kontaktu: recepcja@hotelportius.pl<\/p>\n","protected":false},"author":1,"featured_media":0,"parent":0,"menu_order":0,"comment_status":"closed","ping_status":"closed","template":"tpl-default-elementor.php","meta":{"footnotes":""},"class_list":["post-62","page","type-page","status-publish","hentry"],"_links":{"self":[{"href":"http:\/\/hotelportius.pl\/index.php\/wp-json\/wp\/v2\/pages\/62","targetHints":{"allow":["GET"]}}],"collection":[{"href":"http:\/\/hotelportius.pl\/index.php\/wp-json\/wp\/v2\/pages"}],"about":[{"href":"http:\/\/hotelportius.pl\/index.php\/wp-json\/wp\/v2\/types\/page"}],"author":[{"embeddable":true,"href":"http:\/\/hotelportius.pl\/index.php\/wp-json\/wp\/v2\/users\/1"}],"replies":[{"embeddable":true,"href":"http:\/\/hotelportius.pl\/index.php\/wp-json\/wp\/v2\/comments?post=62"}],"version-history":[{"count":5,"href":"http:\/\/hotelportius.pl\/index.php\/wp-json\/wp\/v2\/pages\/62\/revisions"}],"predecessor-version":[{"id":2070,"href":"http:\/\/hotelportius.pl\/index.php\/wp-json\/wp\/v2\/pages\/62\/revisions\/2070"}],"wp:attachment":[{"href":"http:\/\/hotelportius.pl\/index.php\/wp-json\/wp\/v2\/media?parent=62"}],"curies":[{"name":"wp","href":"https:\/\/api.w.org\/{rel}","templated":true}]}}